{"id":21,"date":"2016-07-21T15:57:13","date_gmt":"2016-07-21T13:57:13","guid":{"rendered":"http:\/\/www.xn--hochfeldmuse-ocb.de\/?page_id=21"},"modified":"2017-09-08T06:31:47","modified_gmt":"2017-09-08T04:31:47","slug":"startseite","status":"publish","type":"page","link":"https:\/\/www.hochfeldm\u00e4use.de\/index.php\/","title":{"rendered":"Tagesmutter Flensburg &#8211; Willkommen bei den HochFeldm\u00e4use"},"content":{"rendered":"<p><img loading=\"lazy\" decoding=\"async\" class=\"alignleft wp-image-66\" src=\"http:\/\/www.hochfeldm\u00e4use.de\/wp-content\/uploads\/2016\/07\/startseite-bild.jpg\" alt=\"startseite-bild\" width=\"280\" height=\"373\" srcset=\"https:\/\/www.hochfeldm\u00e4use.de\/wp-content\/uploads\/2016\/07\/startseite-bild.jpg 400w, https:\/\/www.hochfeldm\u00e4use.de\/wp-content\/uploads\/2016\/07\/startseite-bild-225x300.jpg 225w\" sizes=\"(max-width: 280px) 100vw, 280px\" \/><\/p>\n<p>Liebe Eltern!<\/p>\n<p>Mein Name ist Lena Beeck und ich bin als Tagesmutter f\u00fcr die Stadt Flensburg t\u00e4tig.<\/p>\n<p>Ich m\u00f6chte euch hier einen ersten Eindruck \u00fcber mich und meine Arbeit vermitteln und euch die M\u00f6glichkeit geben, erste HochFeldmausluft zu schnuppern!<\/p>\n<p>Wenn ihr eine liebevolle, zuverl\u00e4ssige und engagierte Tagesmutter sucht, lohnt es sich auf jeden Fall die n\u00e4chsten Seiten zu durchst\u00f6bern und mich und meine Familie besuchen zu kommen!<\/p>\n<p>Ich w\u00fcrde mich sehr freuen, euch ganz bald kennen zu lernen!<\/p>\n<p>Bei Fragen zur Kinderbetreuung oder zu freien Pl\u00e4tzen meldet euch gern fr\u00fchzeitig bei mir!<\/p>\n<p>Nun w\u00fcnsche ich euch erstmal viel Spa\u00df beim Lesen und mit den HochFeldm\u00e4usen!<\/p>\n","protected":false},"excerpt":{"rendered":"<p>Liebe Eltern! Mein Name ist Lena Beeck und ich bin als Tagesmutter f\u00fcr die Stadt Flensburg t\u00e4tig. Ich m\u00f6chte euch hier einen ersten&#8230;<\/p>\n","protected":false},"author":1,"featured_media":0,"parent":0,"menu_order":0,"comment_status":"closed","ping_status":"closed","template":"","meta":{"footnotes":""},"aioseo_notices":[],"_links":{"self":[{"href":"https:\/\/www.hochfeldm\u00e4use.de\/index.php\/wp-json\/wp\/v2\/pages\/21"}],"collection":[{"href":"https:\/\/www.hochfeldm\u00e4use.de\/index.php\/wp-json\/wp\/v2\/pages"}],"about":[{"href":"https:\/\/www.hochfeldm\u00e4use.de\/index.php\/wp-json\/wp\/v2\/types\/page"}],"author":[{"embeddable":true,"href":"https:\/\/www.hochfeldm\u00e4use.de\/index.php\/wp-json\/wp\/v2\/users\/1"}],"replies":[{"embeddable":true,"href":"https:\/\/www.hochfeldm\u00e4use.de\/index.php\/wp-json\/wp\/v2\/comments?post=21"}],"version-history":[{"count":39,"href":"https:\/\/www.hochfeldm\u00e4use.de\/index.php\/wp-json\/wp\/v2\/pages\/21\/revisions"}],"predecessor-version":[{"id":374,"href":"https:\/\/www.hochfeldm\u00e4use.de\/index.php\/wp-json\/wp\/v2\/pages\/21\/revisions\/374"}],"wp:attachment":[{"href":"https:\/\/www.hochfeldm\u00e4use.de\/index.php\/wp-json\/wp\/v2\/media?parent=21"}],"curies":[{"name":"wp","href":"https:\/\/api.w.org\/{rel}","templated":true}]}}