{"id":43,"date":"2016-07-22T14:49:13","date_gmt":"2016-07-22T12:49:13","guid":{"rendered":"http:\/\/www.hochfeldm\u00e4use.de\/?page_id=43"},"modified":"2017-02-20T13:07:53","modified_gmt":"2017-02-20T12:07:53","slug":"betreuungskosten","status":"publish","type":"page","link":"https:\/\/www.hochfeldm\u00e4use.de\/index.php\/betreuungskosten\/","title":{"rendered":"Betreuungskosten"},"content":{"rendered":"<div id=\"idTextPanel\" class=\"jqDnR\">\n<p>Die Stadt Flensburg f\u00f6rdert die Kosten der Tagespfelge, das hei\u00dft, ihr werdet einen Elternbeitrag leisten m\u00fcssen, der anhand eures Einkommens errechnet wird.<\/p>\n<p>Hierf\u00fcr und f\u00fcr weitere Fragen bez\u00fcglich Kosten in der Kindertagespflege setzt ihr euch am besten mit der Stadt Flensburg in Verbindung.<\/p>\n<p>D\u00f6rte Gei\u00dfler<\/p>\n<p>Abteilung 510 Kindertagesbetreuung<\/p>\n<p>24931 Flensburg<\/p>\n<p>Telefon:0461-852855<\/p>\n<p>&nbsp;<\/p>\n<p>Cornelia Singer<\/p>\n<p>Abteilung 510 Kindertagesbetreuung<\/p>\n<p>24931 Flensburg<\/p>\n<p>Telefon:0461-851387<\/p>\n<\/div>\n","protected":false},"excerpt":{"rendered":"<p>Die Stadt Flensburg f\u00f6rdert die Kosten der Tagespfelge, das hei\u00dft, ihr werdet einen Elternbeitrag leisten m\u00fcssen, der anhand eures Einkommens errechnet wird. Hierf\u00fcr&#8230;<\/p>\n","protected":false},"author":1,"featured_media":0,"parent":0,"menu_order":0,"comment_status":"closed","ping_status":"closed","template":"","meta":{"footnotes":""},"aioseo_notices":[],"_links":{"self":[{"href":"https:\/\/www.hochfeldm\u00e4use.de\/index.php\/wp-json\/wp\/v2\/pages\/43"}],"collection":[{"href":"https:\/\/www.hochfeldm\u00e4use.de\/index.php\/wp-json\/wp\/v2\/pages"}],"about":[{"href":"https:\/\/www.hochfeldm\u00e4use.de\/index.php\/wp-json\/wp\/v2\/types\/page"}],"author":[{"embeddable":true,"href":"https:\/\/www.hochfeldm\u00e4use.de\/index.php\/wp-json\/wp\/v2\/users\/1"}],"replies":[{"embeddable":true,"href":"https:\/\/www.hochfeldm\u00e4use.de\/index.php\/wp-json\/wp\/v2\/comments?post=43"}],"version-history":[{"count":6,"href":"https:\/\/www.hochfeldm\u00e4use.de\/index.php\/wp-json\/wp\/v2\/pages\/43\/revisions"}],"predecessor-version":[{"id":306,"href":"https:\/\/www.hochfeldm\u00e4use.de\/index.php\/wp-json\/wp\/v2\/pages\/43\/revisions\/306"}],"wp:attachment":[{"href":"https:\/\/www.hochfeldm\u00e4use.de\/index.php\/wp-json\/wp\/v2\/media?parent=43"}],"curies":[{"name":"wp","href":"https:\/\/api.w.org\/{rel}","templated":true}]}}