{"id":57,"date":"2016-07-25T07:05:34","date_gmt":"2016-07-25T05:05:34","guid":{"rendered":"http:\/\/www.hochfeldm\u00e4use.de\/?page_id=57"},"modified":"2017-02-20T13:04:24","modified_gmt":"2017-02-20T12:04:24","slug":"betreuung","status":"publish","type":"page","link":"https:\/\/www.hochfeldm\u00e4use.de\/index.php\/betreuung\/","title":{"rendered":"Kinderbetreuung"},"content":{"rendered":"<p><img loading=\"lazy\" decoding=\"async\" class=\"size-medium wp-image-90 alignleft\" src=\"http:\/\/www.hochfeldm\u00e4use.de\/wp-content\/uploads\/2016\/07\/IMG_4580-300x225.jpg\" alt=\"IMG_4580\" width=\"300\" height=\"225\" srcset=\"https:\/\/www.hochfeldm\u00e4use.de\/wp-content\/uploads\/2016\/07\/IMG_4580-300x225.jpg 300w, https:\/\/www.hochfeldm\u00e4use.de\/wp-content\/uploads\/2016\/07\/IMG_4580.jpg 640w\" sizes=\"(max-width: 300px) 100vw, 300px\" \/>Im sch\u00f6nen Hochfeld in Flensburg bin ich von 7:00- 14:30 und nach Absprache in entspannter, liebevoller und sehr famili\u00e4rer Atmosph\u00e4re\u00a0 f\u00fcr eure M\u00e4use da.<\/p>\n<p>Ich betreue Tageskinder vom ersten Lebensjahr bis zum Eintritt in den Kindergarten. Die Gruppe besteht aus maximal 5 Kindern.<\/p>\n<p>Die Kinderbetreuung findet in den Wohnr\u00e4umen unseres Hauses statt. Dies macht es sehr pers\u00f6nlich und die Kleinen k\u00f6nnen sich rundum geborgen und wie Zuhause f\u00fchlen. Die Tageskinder haben einen engen Anschluss an unsere Familie und den Familienalltag.<\/p>\n<p>Der gro\u00dfe, gut ausgestattete Garten wird von allen geliebt und oft sind wir hier zu finden.<\/p>\n<p>Ich arbeite eng mit anderen Tagesm\u00fcttern zusammen, sodass ein guter Austausch stattfindet und wir auch mit gr\u00f6\u00dferen Gruppen zusammen kommen.<\/p>\n<p><img loading=\"lazy\" decoding=\"async\" class=\"size-medium wp-image-89 alignright\" src=\"http:\/\/www.hochfeldm\u00e4use.de\/wp-content\/uploads\/2016\/07\/IMG_4420-e1469440607523-225x300.jpg\" alt=\"IMG_4420\" width=\"225\" height=\"300\" srcset=\"https:\/\/www.hochfeldm\u00e4use.de\/wp-content\/uploads\/2016\/07\/IMG_4420-e1469440607523-225x300.jpg 225w, https:\/\/www.hochfeldm\u00e4use.de\/wp-content\/uploads\/2016\/07\/IMG_4420-e1469440607523.jpg 480w\" sizes=\"(max-width: 225px) 100vw, 225px\" \/>Wir sind echte Frischluftfreunde. Bei Wind und Wetter findet man uns im Freien. Wir lieben die Sonne aber auch das Pf\u00fctzenh\u00fcpfen macht uns gro\u00dfen Spa\u00df! Wir machen gerne Ausfl\u00fcge und Unternehmungen. Aber auch das Basteln, Malen und Singen kommt bei uns nicht zu kurz.<\/p>\n<p>Mir ist ein intensives Verh\u00e4ltnis zu den M\u00e4usen sehr wichtig. Dies ist gut m\u00f6glich, da ich die einzige betreuende Person bin und wir eine kleine Gruppe sind.<\/p>\n<p>Es gibt klare Strukturen und Rituale, somit k\u00f6nnen die Kleinen sich schnell einfinden und an Sicherheit gewinnen. Unser kleiner aber feiner Morgenkreis geh\u00f6rt ebenso dazu wie Tischspr\u00fcche und Lieder.<\/p>\n<p>Ich koche t\u00e4glich ein ausgewogenes, frisches Mittagessen. Am Vormittag gibt es ein Obstfr\u00fchst\u00fcck.<\/p>\n<p>Ich nehme regelm\u00e4\u00dfig an Fortbildungen teil um immer neue Anregungen zu bekommen und auf dem neuesten Stand zu sein.<\/p>\n<p>&nbsp;<\/p>\n<p>&nbsp;<\/p>\n<p>\r\n\t\t\t\t\t\n\r\n\t\t\t\t\t<!-- START UNITE GALLERY 1.7.62 -->\r\n\t\t\t\t\t\r\n\t\t\t\t\n\t\t\t<div id='unitegallery_1_1' class='unite-gallery' style='margin:0px auto;'>\n\t\t\t\t\n\n\t\t\t\t\t\t<img alt=\"IMG_2152\"\n\t\t\t\t\t\t     src=\"\" data-image=\"https:\/\/www.hochfeldm\u00e4use.de\/wp-content\/uploads\/2016\/07\/IMG_2152-e1469512528527.jpg\"\n\t\t\t\t\t\t     data-thumb=\"https:\/\/www.hochfeldm\u00e4use.de\/wp-content\/uploads\/2016\/07\/IMG_2152-e1469512514733-225x300.jpg\"\n\t\t\t\t\t\t     title=\"\"\n\t\t\t\t\t\t     style=\"display:none\">\n\n\t\t\t\t\t\t<img alt=\"IMG_4594\"\n\t\t\t\t\t\t     src=\"\" data-image=\"https:\/\/www.hochfeldm\u00e4use.de\/wp-content\/uploads\/2016\/07\/IMG_4594.jpg\"\n\t\t\t\t\t\t     data-thumb=\"https:\/\/www.hochfeldm\u00e4use.de\/wp-content\/uploads\/2016\/07\/IMG_4594-300x225.jpg\"\n\t\t\t\t\t\t     title=\"\"\n\t\t\t\t\t\t     style=\"display:none\">\n\n\t\t\t\t\t\t<img alt=\"IMG_4580\"\n\t\t\t\t\t\t     src=\"\" data-image=\"https:\/\/www.hochfeldm\u00e4use.de\/wp-content\/uploads\/2016\/07\/IMG_4580.jpg\"\n\t\t\t\t\t\t     data-thumb=\"https:\/\/www.hochfeldm\u00e4use.de\/wp-content\/uploads\/2016\/07\/IMG_4580-300x225.jpg\"\n\t\t\t\t\t\t     title=\"\"\n\t\t\t\t\t\t     style=\"display:none\">\n\n\t\t\t\t\t\t<img alt=\"IMG_4589\"\n\t\t\t\t\t\t     src=\"\" data-image=\"https:\/\/www.hochfeldm\u00e4use.de\/wp-content\/uploads\/2016\/07\/IMG_4589-e1469512412807.jpg\"\n\t\t\t\t\t\t     data-thumb=\"https:\/\/www.hochfeldm\u00e4use.de\/wp-content\/uploads\/2016\/07\/IMG_4589-e1469512412807-225x300.jpg\"\n\t\t\t\t\t\t     title=\"\"\n\t\t\t\t\t\t     style=\"display:none\">\n\n\t\t\t\t\t\t<img alt=\"IMG_4584\"\n\t\t\t\t\t\t     src=\"\" data-image=\"https:\/\/www.hochfeldm\u00e4use.de\/wp-content\/uploads\/2016\/07\/IMG_4584.jpg\"\n\t\t\t\t\t\t     data-thumb=\"https:\/\/www.hochfeldm\u00e4use.de\/wp-content\/uploads\/2016\/07\/IMG_4584-300x225.jpg\"\n\t\t\t\t\t\t     title=\"\"\n\t\t\t\t\t\t     style=\"display:none\">\n\n\t\t\t\t\t\t<img alt=\"image1\"\n\t\t\t\t\t\t     src=\"\" data-image=\"https:\/\/www.hochfeldm\u00e4use.de\/wp-content\/uploads\/2016\/07\/image1-e1469512493796.jpg\"\n\t\t\t\t\t\t     data-thumb=\"https:\/\/www.hochfeldm\u00e4use.de\/wp-content\/uploads\/2016\/07\/image1-e1469512493796-225x300.jpg\"\n\t\t\t\t\t\t     title=\"\"\n\t\t\t\t\t\t     style=\"display:none\">\n\n\t\t\t\t\t\t<img alt=\"IMG_3199\"\n\t\t\t\t\t\t     src=\"\" data-image=\"https:\/\/www.hochfeldm\u00e4use.de\/wp-content\/uploads\/2016\/07\/IMG_3199-e1469512463891.jpg\"\n\t\t\t\t\t\t     data-thumb=\"https:\/\/www.hochfeldm\u00e4use.de\/wp-content\/uploads\/2016\/07\/IMG_3199-e1469512463891-225x300.jpg\"\n\t\t\t\t\t\t     title=\"\"\n\t\t\t\t\t\t     style=\"display:none\">\n\n\t\t\t\t\t\t<img alt=\"IMG_3340\"\n\t\t\t\t\t\t     src=\"\" data-image=\"https:\/\/www.hochfeldm\u00e4use.de\/wp-content\/uploads\/2016\/07\/IMG_3340-e1469512440104.jpg\"\n\t\t\t\t\t\t     data-thumb=\"https:\/\/www.hochfeldm\u00e4use.de\/wp-content\/uploads\/2016\/07\/IMG_3340-e1469512440104-225x300.jpg\"\n\t\t\t\t\t\t     title=\"\"\n\t\t\t\t\t\t     style=\"display:none\">\n\n\t\t\t\t\t\t<img alt=\"IMG_3364\"\n\t\t\t\t\t\t     src=\"\" data-image=\"https:\/\/www.hochfeldm\u00e4use.de\/wp-content\/uploads\/2016\/07\/IMG_3364-e1469512450420.jpg\"\n\t\t\t\t\t\t     data-thumb=\"https:\/\/www.hochfeldm\u00e4use.de\/wp-content\/uploads\/2016\/07\/IMG_3364-e1469512450420-225x300.jpg\"\n\t\t\t\t\t\t     title=\"\"\n\t\t\t\t\t\t     style=\"display:none\">\n\n\t\t\t\t\t\t<img alt=\"IMG_4125\"\n\t\t\t\t\t\t     src=\"\" data-image=\"https:\/\/www.hochfeldm\u00e4use.de\/wp-content\/uploads\/2016\/07\/IMG_4125.jpg\"\n\t\t\t\t\t\t     data-thumb=\"https:\/\/www.hochfeldm\u00e4use.de\/wp-content\/uploads\/2016\/07\/IMG_4125-300x225.jpg\"\n\t\t\t\t\t\t     title=\"\"\n\t\t\t\t\t\t     style=\"display:none\">\n\n\t\t\t\t\t\t<img alt=\"IMG_4420\"\n\t\t\t\t\t\t     src=\"\" data-image=\"https:\/\/www.hochfeldm\u00e4use.de\/wp-content\/uploads\/2016\/07\/IMG_4420-e1469440607523.jpg\"\n\t\t\t\t\t\t     data-thumb=\"https:\/\/www.hochfeldm\u00e4use.de\/wp-content\/uploads\/2016\/07\/IMG_4420-e1469440607523-225x300.jpg\"\n\t\t\t\t\t\t     title=\"\"\n\t\t\t\t\t\t     style=\"display:none\">\n\n\t\t\t\t\t\t<img alt=\"IMG_4334\"\n\t\t\t\t\t\t     src=\"\" data-image=\"https:\/\/www.hochfeldm\u00e4use.de\/wp-content\/uploads\/2016\/07\/IMG_4334-e1469512423123.jpg\"\n\t\t\t\t\t\t     data-thumb=\"https:\/\/www.hochfeldm\u00e4use.de\/wp-content\/uploads\/2016\/07\/IMG_4334-e1469512423123-225x300.jpg\"\n\t\t\t\t\t\t     title=\"\"\n\t\t\t\t\t\t     style=\"display:none\">\n\n\t\t\t\t\t\t<img alt=\"IMG_4598\"\n\t\t\t\t\t\t     src=\"\" data-image=\"https:\/\/www.hochfeldm\u00e4use.de\/wp-content\/uploads\/2016\/07\/IMG_4598-e1469440478580.jpg\"\n\t\t\t\t\t\t     data-thumb=\"https:\/\/www.hochfeldm\u00e4use.de\/wp-content\/uploads\/2016\/07\/IMG_4598-e1469440478580-225x300.jpg\"\n\t\t\t\t\t\t     title=\"\"\n\t\t\t\t\t\t     style=\"display:none\">\n\n\t\t\t\t\t\t<img alt=\"piratenspielplatz\"\n\t\t\t\t\t\t     src=\"\" data-image=\"https:\/\/www.hochfeldm\u00e4use.de\/wp-content\/uploads\/2016\/07\/piratenspielplatz.jpg\"\n\t\t\t\t\t\t     data-thumb=\"https:\/\/www.hochfeldm\u00e4use.de\/wp-content\/uploads\/2016\/07\/piratenspielplatz-225x300.jpg\"\n\t\t\t\t\t\t     title=\"\"\n\t\t\t\t\t\t     style=\"display:none\">\n\t\t\t<\/div>\n\n\t\t\t<script type='text\/javascript'>\n\t\t\t\twindow.onload = function(e) {\n\t\t\t\t\tif(typeof ugCheckForErrors == \"undefined\"){\n\t\t\t\t\t\tdocument.getElementById(\"unitegallery_1_1\").innerHTML = \"<span style='color:red'>Unite Gallery Error - gallery js and css files not included in the footer. Please make sure that wp_footer() function is added to your theme.<\/span>\";}\n\t\t\t\t\telse{ ugCheckForErrors(\"unitegallery_1_1\", \"jquery\");}\n\t\t\t\t};\n\t\t\t<\/script>\n\n\t\t\t<!-- END UNITEGALLERY --><\/p>\n<p>&nbsp;<\/p>\n","protected":false},"excerpt":{"rendered":"<p>Im sch\u00f6nen Hochfeld in Flensburg bin ich von 7:00- 14:30 und nach Absprache in entspannter, liebevoller und sehr famili\u00e4rer Atmosph\u00e4re\u00a0 f\u00fcr eure M\u00e4use&#8230;<\/p>\n","protected":false},"author":1,"featured_media":0,"parent":0,"menu_order":0,"comment_status":"closed","ping_status":"closed","template":"","meta":{"footnotes":""},"aioseo_notices":[],"_links":{"self":[{"href":"https:\/\/www.hochfeldm\u00e4use.de\/index.php\/wp-json\/wp\/v2\/pages\/57"}],"collection":[{"href":"https:\/\/www.hochfeldm\u00e4use.de\/index.php\/wp-json\/wp\/v2\/pages"}],"about":[{"href":"https:\/\/www.hochfeldm\u00e4use.de\/index.php\/wp-json\/wp\/v2\/types\/page"}],"author":[{"embeddable":true,"href":"https:\/\/www.hochfeldm\u00e4use.de\/index.php\/wp-json\/wp\/v2\/users\/1"}],"replies":[{"embeddable":true,"href":"https:\/\/www.hochfeldm\u00e4use.de\/index.php\/wp-json\/wp\/v2\/comments?post=57"}],"version-history":[{"count":11,"href":"https:\/\/www.hochfeldm\u00e4use.de\/index.php\/wp-json\/wp\/v2\/pages\/57\/revisions"}],"predecessor-version":[{"id":364,"href":"https:\/\/www.hochfeldm\u00e4use.de\/index.php\/wp-json\/wp\/v2\/pages\/57\/revisions\/364"}],"wp:attachment":[{"href":"https:\/\/www.hochfeldm\u00e4use.de\/index.php\/wp-json\/wp\/v2\/media?parent=57"}],"curies":[{"name":"wp","href":"https:\/\/api.w.org\/{rel}","templated":true}]}}